{"id":604,"date":"2024-05-15T17:51:55","date_gmt":"2024-05-15T15:51:55","guid":{"rendered":"https:\/\/laparenthesenormande.fr\/mentions-legales\/"},"modified":"2024-05-15T17:51:55","modified_gmt":"2024-05-15T15:51:55","slug":"mentions-legales","status":"publish","type":"page","link":"https:\/\/laparenthesenormande.fr\/en\/mentions-legales\/","title":{"rendered":"Mentions L\u00e9gales"},"content":{"rendered":"<p>\nLe site https:\/\/laparenthesenormande.fr (ci-apr\u00e8s le \u201cSite\u201d) est \u00e9dit\u00e9 par la soci\u00e9t\u00e9 SAS BARTH IMMO, dont le si\u00e8ge social est situ\u00e9 3 RUE DES ECOLES 50480 SAINTE-MERE-EGLISE.<\/p>\n<p>Code APE : 6820A<br \/>\nMontant du capital social : 100 \u20ac<br \/>\nSIRET : 98032598900013<br \/>\nSIREN : 980325989<br \/>\nN\u00b0 TVA Intracommunautaire : FR59980325989<br \/>\nNum\u00e9ro de t\u00e9l\u00e9phone : <br \/>\nEmail : contact@laparenthesenormande.fr<br \/>\nDirecteur de la publication : Antin\u00e9a Barthelemy\n<\/p>\n<h2>Contact<\/h2>\n<p>Le Centre Relation Clients de https:\/\/laparenthesenormande.fr est joignable :<\/p>\n<ul>\n<li>Par internet : via le lien Contact sur le site https:\/\/laparenthesenormande.fr<\/li>\n<li>Par t\u00e9l\u00e9phone au  (N\u00b0 Cristal, prix d&#8217;un appel local depuis un t\u00e9l\u00e9phone fixe)<\/li>\n<li>Par voie postale : SAS BARTH IMMO \u2013 Service Relation Clients &#8211; 3 RUE DES ECOLES<\/li>\n<\/ul>\n<h2>H\u00e9bergeur<\/h2>\n<p>\nOVH \u2013 https:\/\/ovhcloud.com<br \/>\n2 rue Kellermann<br \/>\n59100 Roubaix<br \/>\nFrance<\/p>\n<h2>Protection des donn\u00e9es personnelles<\/h2>\n<p>\nPour consulter notre charte de protection de donn\u00e9es personnelles, <a href=\"#\">cliquez ici<\/a>.<br \/>\nPour consulter la politique Cookies de SAS BARTH IMMO, <a href=\"#cookies\">cliquez ici<\/a>.\n<\/p>\n<h2>Propri\u00e9t\u00e9 Intellectuelle<\/h2>\n<p>\nLe site b\u00e9n\u00e9ficie de protections au titre de la propri\u00e9t\u00e9 intellectuelle, incluant les droits d&#8217;auteur, les dessins et mod\u00e8les, les marques, les noms de domaine, les brevets, le savoir-faire, les logiciels ou les bases de donn\u00e9es. La soci\u00e9t\u00e9 SAS BARTH IMMO et\/ou ses partenaires demeurent les propri\u00e9taires de l&#8217;ensemble de ces contenus et des droits qui y sont associ\u00e9s. Toutefois, la soci\u00e9t\u00e9 SAS BARTH IMMO vous accorde une licence limit\u00e9e, non-exclusive, r\u00e9vocable, sans possibilit\u00e9 de sous-licencier, pour les seules op\u00e9rations d&#8217;acc\u00e8s, de navigation et d&#8217;utilisation en relation avec ce site. Cette licence ne conf\u00e8re aucun autre droit, notamment celui d&#8217;exploiter commercialement ces contenus.<\/p>\n","protected":false},"excerpt":{"rendered":"<p>Le site https:\/\/laparenthesenormande.fr (ci-apr\u00e8s le \u201cSite\u201d) est \u00e9dit\u00e9 par la soci\u00e9t\u00e9 SAS BARTH IMMO, dont le si\u00e8ge social est situ\u00e9 3 RUE DES ECOLES 50480 SAINTE-MERE-EGLISE. Code APE : 6820A Montant du capital social : 100 \u20ac SIRET : 98032598900013 SIREN : 980325989 N\u00b0 TVA Intracommunautaire : FR59980325989 Num\u00e9ro de t\u00e9l\u00e9phone : Email : contact@laparenthesenormande.fr [&hellip;]<\/p>\n","protected":false},"author":1,"featured_media":0,"parent":0,"menu_order":0,"comment_status":"closed","ping_status":"closed","template":"","meta":{"_acf_changed":false,"inline_featured_image":false,"footnotes":""},"class_list":["post-604","page","type-page","status-publish","hentry"],"acf":[],"yoast_head":"<!-- This site is optimized with the Yoast SEO plugin v25.1 - https:\/\/yoast.com\/wordpress\/plugins\/seo\/ -->\n<title>Mentions L\u00e9gales - La Parenth\u00e8se Normande<\/title>\n<meta name=\"robots\" content=\"index, follow, max-snippet:-1, max-image-preview:large, max-video-preview:-1\" \/>\n<link rel=\"canonical\" href=\"https:\/\/laparenthesenormande.fr\/mentions-legales\/\" \/>\n<meta property=\"og:locale\" content=\"en_US\" \/>\n<meta property=\"og:type\" content=\"article\" \/>\n<meta property=\"og:title\" content=\"Mentions L\u00e9gales - La Parenth\u00e8se Normande\" \/>\n<meta property=\"og:description\" content=\"Le site https:\/\/laparenthesenormande.fr (ci-apr\u00e8s le \u201cSite\u201d) est \u00e9dit\u00e9 par la soci\u00e9t\u00e9 SAS BARTH IMMO, dont le si\u00e8ge social est situ\u00e9 3 RUE DES ECOLES 50480 SAINTE-MERE-EGLISE. Code APE : 6820A Montant du capital social : 100 \u20ac SIRET : 98032598900013 SIREN : 980325989 N\u00b0 TVA Intracommunautaire : FR59980325989 Num\u00e9ro de t\u00e9l\u00e9phone : Email : contact@laparenthesenormande.fr [&hellip;]\" \/>\n<meta property=\"og:url\" content=\"https:\/\/laparenthesenormande.fr\/mentions-legales\/\" \/>\n<meta property=\"og:site_name\" content=\"La Parenth\u00e8se Normande\" \/>\n<meta property=\"article:publisher\" content=\"https:\/\/www.facebook.com\/laparenthesenormande\" \/>\n<meta property=\"og:image\" content=\"https:\/\/laparenthesenormande.fr\/wp-content\/uploads\/2024\/03\/CH2_2-1-scaled.jpeg\" \/>\n\t<meta property=\"og:image:width\" content=\"2560\" \/>\n\t<meta property=\"og:image:height\" content=\"1920\" \/>\n\t<meta property=\"og:image:type\" content=\"image\/jpeg\" \/>\n<meta name=\"twitter:card\" content=\"summary_large_image\" \/>\n<meta name=\"twitter:label1\" content=\"Est. reading time\" \/>\n\t<meta name=\"twitter:data1\" content=\"1 minute\" \/>\n<script type=\"application\/ld+json\" class=\"yoast-schema-graph\">{\"@context\":\"https:\/\/schema.org\",\"@graph\":[{\"@type\":\"WebPage\",\"@id\":\"https:\/\/laparenthesenormande.fr\/mentions-legales\/\",\"url\":\"https:\/\/laparenthesenormande.fr\/mentions-legales\/\",\"name\":\"Mentions L\u00e9gales - La Parenth\u00e8se Normande\",\"isPartOf\":{\"@id\":\"https:\/\/laparenthesenormande.fr\/en\/#website\"},\"datePublished\":\"2024-05-15T15:51:55+00:00\",\"breadcrumb\":{\"@id\":\"https:\/\/laparenthesenormande.fr\/mentions-legales\/#breadcrumb\"},\"inLanguage\":\"en-US\",\"potentialAction\":[{\"@type\":\"ReadAction\",\"target\":[\"https:\/\/laparenthesenormande.fr\/mentions-legales\/\"]}]},{\"@type\":\"BreadcrumbList\",\"@id\":\"https:\/\/laparenthesenormande.fr\/mentions-legales\/#breadcrumb\",\"itemListElement\":[{\"@type\":\"ListItem\",\"position\":1,\"name\":\"Accueil\",\"item\":\"https:\/\/laparenthesenormande.fr\/en\/\"},{\"@type\":\"ListItem\",\"position\":2,\"name\":\"Mentions L\u00e9gales\"}]},{\"@type\":\"WebSite\",\"@id\":\"https:\/\/laparenthesenormande.fr\/en\/#website\",\"url\":\"https:\/\/laparenthesenormande.fr\/en\/\",\"name\":\"La Parenth\u00e8se Normande\",\"description\":\"\",\"publisher\":{\"@id\":\"https:\/\/laparenthesenormande.fr\/en\/#organization\"},\"potentialAction\":[{\"@type\":\"SearchAction\",\"target\":{\"@type\":\"EntryPoint\",\"urlTemplate\":\"https:\/\/laparenthesenormande.fr\/en\/?s={search_term_string}\"},\"query-input\":{\"@type\":\"PropertyValueSpecification\",\"valueRequired\":true,\"valueName\":\"search_term_string\"}}],\"inLanguage\":\"en-US\"},{\"@type\":\"Organization\",\"@id\":\"https:\/\/laparenthesenormande.fr\/en\/#organization\",\"name\":\"La Parenth\u00e8se Normande\",\"url\":\"https:\/\/laparenthesenormande.fr\/en\/\",\"logo\":{\"@type\":\"ImageObject\",\"inLanguage\":\"en-US\",\"@id\":\"https:\/\/laparenthesenormande.fr\/en\/#\/schema\/logo\/image\/\",\"url\":\"https:\/\/laparenthesenormande.fr\/wp-content\/uploads\/2024\/05\/parenthese_normande_logo_couleur.svg\",\"contentUrl\":\"https:\/\/laparenthesenormande.fr\/wp-content\/uploads\/2024\/05\/parenthese_normande_logo_couleur.svg\",\"width\":271,\"height\":142,\"caption\":\"La Parenth\u00e8se Normande\"},\"image\":{\"@id\":\"https:\/\/laparenthesenormande.fr\/en\/#\/schema\/logo\/image\/\"},\"sameAs\":[\"https:\/\/www.facebook.com\/laparenthesenormande\"]}]}<\/script>\n<!-- \/ Yoast SEO plugin. -->","yoast_head_json":{"title":"Mentions L\u00e9gales - La Parenth\u00e8se Normande","robots":{"index":"index","follow":"follow","max-snippet":"max-snippet:-1","max-image-preview":"max-image-preview:large","max-video-preview":"max-video-preview:-1"},"canonical":"https:\/\/laparenthesenormande.fr\/mentions-legales\/","og_locale":"en_US","og_type":"article","og_title":"Mentions L\u00e9gales - La Parenth\u00e8se Normande","og_description":"Le site https:\/\/laparenthesenormande.fr (ci-apr\u00e8s le \u201cSite\u201d) est \u00e9dit\u00e9 par la soci\u00e9t\u00e9 SAS BARTH IMMO, dont le si\u00e8ge social est situ\u00e9 3 RUE DES ECOLES 50480 SAINTE-MERE-EGLISE. Code APE : 6820A Montant du capital social : 100 \u20ac SIRET : 98032598900013 SIREN : 980325989 N\u00b0 TVA Intracommunautaire : FR59980325989 Num\u00e9ro de t\u00e9l\u00e9phone : Email : contact@laparenthesenormande.fr [&hellip;]","og_url":"https:\/\/laparenthesenormande.fr\/mentions-legales\/","og_site_name":"La Parenth\u00e8se Normande","article_publisher":"https:\/\/www.facebook.com\/laparenthesenormande","og_image":[{"width":2560,"height":1920,"url":"https:\/\/laparenthesenormande.fr\/wp-content\/uploads\/2024\/03\/CH2_2-1-scaled.jpeg","type":"image\/jpeg"}],"twitter_card":"summary_large_image","twitter_misc":{"Est. reading time":"1 minute"},"schema":{"@context":"https:\/\/schema.org","@graph":[{"@type":"WebPage","@id":"https:\/\/laparenthesenormande.fr\/mentions-legales\/","url":"https:\/\/laparenthesenormande.fr\/mentions-legales\/","name":"Mentions L\u00e9gales - La Parenth\u00e8se Normande","isPartOf":{"@id":"https:\/\/laparenthesenormande.fr\/en\/#website"},"datePublished":"2024-05-15T15:51:55+00:00","breadcrumb":{"@id":"https:\/\/laparenthesenormande.fr\/mentions-legales\/#breadcrumb"},"inLanguage":"en-US","potentialAction":[{"@type":"ReadAction","target":["https:\/\/laparenthesenormande.fr\/mentions-legales\/"]}]},{"@type":"BreadcrumbList","@id":"https:\/\/laparenthesenormande.fr\/mentions-legales\/#breadcrumb","itemListElement":[{"@type":"ListItem","position":1,"name":"Accueil","item":"https:\/\/laparenthesenormande.fr\/en\/"},{"@type":"ListItem","position":2,"name":"Mentions L\u00e9gales"}]},{"@type":"WebSite","@id":"https:\/\/laparenthesenormande.fr\/en\/#website","url":"https:\/\/laparenthesenormande.fr\/en\/","name":"La Parenth\u00e8se Normande","description":"","publisher":{"@id":"https:\/\/laparenthesenormande.fr\/en\/#organization"},"potentialAction":[{"@type":"SearchAction","target":{"@type":"EntryPoint","urlTemplate":"https:\/\/laparenthesenormande.fr\/en\/?s={search_term_string}"},"query-input":{"@type":"PropertyValueSpecification","valueRequired":true,"valueName":"search_term_string"}}],"inLanguage":"en-US"},{"@type":"Organization","@id":"https:\/\/laparenthesenormande.fr\/en\/#organization","name":"La Parenth\u00e8se Normande","url":"https:\/\/laparenthesenormande.fr\/en\/","logo":{"@type":"ImageObject","inLanguage":"en-US","@id":"https:\/\/laparenthesenormande.fr\/en\/#\/schema\/logo\/image\/","url":"https:\/\/laparenthesenormande.fr\/wp-content\/uploads\/2024\/05\/parenthese_normande_logo_couleur.svg","contentUrl":"https:\/\/laparenthesenormande.fr\/wp-content\/uploads\/2024\/05\/parenthese_normande_logo_couleur.svg","width":271,"height":142,"caption":"La Parenth\u00e8se Normande"},"image":{"@id":"https:\/\/laparenthesenormande.fr\/en\/#\/schema\/logo\/image\/"},"sameAs":["https:\/\/www.facebook.com\/laparenthesenormande"]}]}},"_links":{"self":[{"href":"https:\/\/laparenthesenormande.fr\/en\/wp-json\/wp\/v2\/pages\/604","targetHints":{"allow":["GET"]}}],"collection":[{"href":"https:\/\/laparenthesenormande.fr\/en\/wp-json\/wp\/v2\/pages"}],"about":[{"href":"https:\/\/laparenthesenormande.fr\/en\/wp-json\/wp\/v2\/types\/page"}],"author":[{"embeddable":true,"href":"https:\/\/laparenthesenormande.fr\/en\/wp-json\/wp\/v2\/users\/1"}],"replies":[{"embeddable":true,"href":"https:\/\/laparenthesenormande.fr\/en\/wp-json\/wp\/v2\/comments?post=604"}],"version-history":[{"count":0,"href":"https:\/\/laparenthesenormande.fr\/en\/wp-json\/wp\/v2\/pages\/604\/revisions"}],"wp:attachment":[{"href":"https:\/\/laparenthesenormande.fr\/en\/wp-json\/wp\/v2\/media?parent=604"}],"curies":[{"name":"wp","href":"https:\/\/api.w.org\/{rel}","templated":true}]}}